{"id":1717,"date":"2022-06-03T14:48:15","date_gmt":"2022-06-03T18:48:15","guid":{"rendered":"https:\/\/archeravocats.com\/?page_id=1717"},"modified":"2022-06-09T17:08:04","modified_gmt":"2022-06-09T21:08:04","slug":"karina-fauteux","status":"publish","type":"page","link":"https:\/\/archeravocats.com\/en\/who-we-are\/karina-fauteux\/","title":{"rendered":"Karina Fauteux"},"content":{"rendered":"<p><div class=\"fusion-fullwidth fullwidth-box fusion-builder-row-1 nonhundred-percent-fullwidth non-hundred-percent-height-scrolling\" style=\"--awb-border-radius-top-left:0px;--awb-border-radius-top-right:0px;--awb-border-radius-bottom-right:0px;--awb-border-radius-bottom-left:0px;--awb-padding-top:150px;--awb-padding-bottom:25px;--awb-flex-wrap:wrap;\" ><div class=\"fusion-builder-row fusion-row\"><div class=\"fusion-layout-column fusion_builder_column fusion-builder-column-0 fusion_builder_column_1_2 1_2 fusion-one-half fusion-column-first\" style=\"--awb-bg-size:cover;--awb-margin-bottom:50px;width:50%;width:calc(50% - ( ( 4% ) * 0.5 ) );margin-right: 4%;\"><div class=\"fusion-column-wrapper fusion-column-has-shadow fusion-flex-column-wrapper-legacy\"><div class=\"fusion-title title fusion-title-1 fusion-sep-none fusion-title-text fusion-title-size-two\" style=\"--awb-margin-top-small:10px;--awb-margin-right-small:0px;--awb-margin-bottom-small:10px;--awb-margin-left-small:0px;\"><h2 class=\"fusion-title-heading title-heading-left\" style=\"margin:0;\">Karina Fauteux<\/h2><\/div><div class=\"fusion-sep-clear\"><\/div><div class=\"fusion-separator fusion-clearfix\" style=\"float:left;margin-bottom:12px;width:100%;max-width:43px;\"><div class=\"fusion-separator-border sep-single\" style=\"--awb-height:20px;--awb-amount:20px;--awb-sep-color:#ffffff;border-color:2px solid #C0C0C0;border-top-width:2px;\"><\/div><\/div><div class=\"fusion-sep-clear\"><\/div><div class=\"fusion-text fusion-text-1 fiche-membre-titre\" style=\"--awb-text-transform:none;\"><p>Lawyer<\/p>\n<\/div><div class=\"fusion-sep-clear\"><\/div><div class=\"fusion-separator fusion-full-width-sep\" style=\"margin-left: auto;margin-right: auto;margin-bottom:40px;width:100%;\"><div class=\"fusion-separator-border sep-single\" style=\"--awb-height:20px;--awb-amount:20px;border-color:#b7b7b7;border-top-width:0px;\"><\/div><\/div><div class=\"fusion-sep-clear\"><\/div><div class=\"fusion-text fusion-text-2 fiche-membre-titre\" style=\"--awb-text-transform:none;\"><p>KARINA FAUTEUX&#8221;S JOURNEY<\/p>\n<\/div><div class=\"fusion-text fusion-text-3\" style=\"--awb-text-transform:none;\"><p>Me Fauteux est membre du Barreau du Qu\u00e9bec depuis 2019 apr\u00e8s avoir successivement compl\u00e9t\u00e9 un baccalaur\u00e9at en droit \u00e0 l\u2019Universit\u00e9 du Qu\u00e9bec \u00e0 Montr\u00e9al et une maitrise en droit international et politique internationale appliqu\u00e9s \u00e0 l\u2019Universit\u00e9 de Sherbrooke. Elle exerce principalement en litige civil, en droit municipal ainsi qu\u2019en immigration.<\/p>\n<p>Avant de se joindre \u00e0 l\u2019\u00e9quipe d\u2019Archer, Me Fauteux a travaill\u00e9 comme procureure aux poursuites criminelles et p\u00e9nales sur l\u2019\u00e9quipe de la Cour itin\u00e9rante et comme conseill\u00e8re juridique volontaire en C\u00f4te d\u2019Ivoire.<\/p>\n<p>Son parcours h\u00e9t\u00e9roclite fait de Me Fauteux une avocate dot\u00e9e d\u2019une grande capacit\u00e9 d\u2019adaptation et d\u2019une vision lui permettant de cerner les probl\u00e9matiques dans leur ensemble.<\/p>\n<\/div><div class=\"fusion-clearfix\"><\/div><\/div><\/div><div class=\"fusion-layout-column fusion_builder_column fusion-builder-column-1 fusion_builder_column_1_2 1_2 fusion-one-half fusion-column-last\" style=\"--awb-bg-size:cover;width:50%;width:calc(50% - ( ( 4% ) * 0.5 ) );\"><div class=\"fusion-column-wrapper fusion-column-has-shadow fusion-flex-column-wrapper-legacy\"><div class=\"fusion-image-element in-legacy-container\" style=\"--awb-caption-title-font-family:var(--h2_typography-font-family);--awb-caption-title-font-weight:var(--h2_typography-font-weight);--awb-caption-title-font-style:var(--h2_typography-font-style);--awb-caption-title-size:var(--h2_typography-font-size);--awb-caption-title-transform:var(--h2_typography-text-transform);--awb-caption-title-line-height:var(--h2_typography-line-height);--awb-caption-title-letter-spacing:var(--h2_typography-letter-spacing);\"><span class=\" fusion-imageframe imageframe-none imageframe-1 hover-type-none\"><img decoding=\"async\" width=\"960\" height=\"1440\" alt=\"Karina Fauteux\" title=\"Karina-Fauteux\" src=\"https:\/\/archeravocats.com\/wp-content\/uploads\/2022\/06\/Karina-Fauteux.jpg\" class=\"img-responsive wp-image-1706\" srcset=\"https:\/\/archeravocats.com\/wp-content\/uploads\/2022\/06\/Karina-Fauteux-200x300.jpg 200w, https:\/\/archeravocats.com\/wp-content\/uploads\/2022\/06\/Karina-Fauteux-400x600.jpg 400w, https:\/\/archeravocats.com\/wp-content\/uploads\/2022\/06\/Karina-Fauteux-600x900.jpg 600w, https:\/\/archeravocats.com\/wp-content\/uploads\/2022\/06\/Karina-Fauteux-800x1200.jpg 800w, https:\/\/archeravocats.com\/wp-content\/uploads\/2022\/06\/Karina-Fauteux.jpg 960w\" sizes=\"(max-width: 800px) 100vw, 600px\" \/><\/span><\/div><div class=\"fusion-align-block\"><a class=\"fusion-button button-flat fusion-button-default-size button-custom fusion-button-default button-1 fusion-button-span-yes fusion-button-default-type fiche-membre-bouton-courriel\" style=\"--button_accent_color:#ffffff;--button_border_color:#ffffff;--button_accent_hover_color:#ffffff;--button_border_hover_color:#ffffff;--button_gradient_top_color:#005289;--button_gradient_bottom_color:#005289;--button_gradient_top_color_hover:#005289;--button_gradient_bottom_color_hover:#005289;\" target=\"_self\" href=\"mailto:kfauteux@archeravocats.com\"><span class=\"fusion-button-text awb-button__text awb-button__text--default\">kfauteux@archeravocats.com<\/span><\/a><\/div><div class=\"fusion-clearfix\"><\/div><\/div><\/div><\/div><\/div><div class=\"fusion-fullwidth fullwidth-box fusion-builder-row-2 fusion-parallax-none nonhundred-percent-fullwidth non-hundred-percent-height-scrolling\" style=\"--awb-border-radius-top-left:0px;--awb-border-radius-top-right:0px;--awb-border-radius-bottom-right:0px;--awb-border-radius-bottom-left:0px;--awb-padding-top:0px;--awb-padding-right:0px;--awb-padding-bottom:210px;--awb-padding-left:0px;--awb-margin-top:0px;--awb-margin-bottom:0px;--awb-background-image:url(&quot;https:\/\/archeravocats.com\/wp-content\/uploads\/2020\/06\/home-texture-diagonale-blanc-bleu-combine.jpg&quot;);--awb-background-size:cover;--awb-flex-wrap:wrap;\" id=\"home-nous-joindre\" ><div class=\"fusion-builder-row fusion-row\"><div class=\"fusion-layout-column fusion_builder_column fusion-builder-column-2 fusion_builder_column_1_1 1_1 fusion-one-full fusion-column-first fusion-column-last\" style=\"--awb-bg-size:cover;\"><div class=\"fusion-column-wrapper fusion-column-has-shadow fusion-flex-column-wrapper-legacy\"><div class=\"fusion-title title fusion-title-2 fusion-sep-none fusion-title-text fusion-title-size-two archer-title-left-arrow mw-625\" style=\"--awb-margin-top:175px;--awb-margin-bottom:80px;--awb-margin-top-small:10px;--awb-margin-right-small:0px;--awb-margin-bottom-small:10px;--awb-margin-left-small:0px;\"><h2 class=\"fusion-title-heading title-heading-left\" style=\"margin:0;\">To reach Me Fauteux<\/h2><\/div><div class=\"fusion-clearfix\"><\/div><\/div><\/div><div class=\"fusion-layout-column fusion_builder_column fusion-builder-column-3 fusion_builder_column_1_2 1_2 fusion-one-half fusion-column-first home-nous-joindre-link-box\" style=\"--awb-bg-position:center center;--awb-bg-size:cover;width:50%;width:calc(50% - ( ( 4% ) * 0.5 ) );margin-right: 4%;\" id=\"home-nous-joindre-link-box-rv\"><div class=\"fusion-column-wrapper fusion-column-has-shadow fusion-flex-column-wrapper-legacy\"><div class=\"fusion-text fusion-text-4\" style=\"--awb-text-transform:none;\"><p>Does your situation require our team&#8217;s expertise?<\/p>\n<\/div><div class=\"fusion-align-block\"><a class=\"fusion-button button-flat fusion-button-default-size button-custom fusion-button-default button-2 fusion-button-span-yes fusion-button-default-type\" style=\"--button_accent_color:#005289;--button_border_color:#ffffff;--button_accent_hover_color:#ffffff;--button_border_hover_color:#ffffff;--button_border_width-top:2px;--button_border_width-right:2px;--button_border_width-bottom:2px;--button_border_width-left:2px;--button_gradient_top_color:#ffffff;--button_gradient_bottom_color:#ffffff;--button_gradient_top_color_hover:rgba(255,255,255,0);--button_gradient_bottom_color_hover:rgba(255,255,255,0);--button_text_transform:uppercase;\" target=\"_self\" href=\"https:\/\/archeravocats.com\/en\/contact-us\/\"><i class=\"fa-long-arrow-alt-right fas awb-button__icon awb-button__icon--default button-icon-left\" aria-hidden=\"true\"><\/i><span class=\"fusion-button-text awb-button__text awb-button__text--default\">Make an appointment<\/span><\/a><\/div><div class=\"fusion-clearfix\"><\/div><\/div><\/div><div class=\"fusion-layout-column fusion_builder_column fusion-builder-column-4 fusion_builder_column_1_2 1_2 fusion-one-half fusion-column-last home-nous-joindre-link-box\" style=\"--awb-bg-position:center center;--awb-bg-size:cover;width:50%;width:calc(50% - ( ( 4% ) * 0.5 ) );\" id=\"home-nous-joindre-link-box-appel\"><div class=\"fusion-column-wrapper fusion-column-has-shadow fusion-flex-column-wrapper-legacy\"><div class=\"fusion-text fusion-text-5\"><p>Have questions or information requests?<\/p>\n<\/div><div class=\"fusion-align-block\"><a class=\"fusion-button button-flat fusion-button-default-size button-custom fusion-button-default button-3 fusion-button-span-yes fusion-button-default-type\" style=\"--button_accent_color:#005289;--button_border_color:#ffffff;--button_accent_hover_color:#ffffff;--button_border_hover_color:#ffffff;--button_gradient_top_color:#ffffff;--button_gradient_bottom_color:#ffffff;--button_gradient_top_color_hover:rgba(255,255,255,0);--button_gradient_bottom_color_hover:rgba(255,255,255,0);--button_text_transform:uppercase;\" target=\"_self\" href=\"https:\/\/archeravocats.com\/en\/contact-us\/\"><i class=\"fa-long-arrow-alt-right fas awb-button__icon awb-button__icon--default button-icon-left\" aria-hidden=\"true\"><\/i><span class=\"fusion-button-text awb-button__text awb-button__text--default\">Call us<\/span><\/a><\/div><div class=\"fusion-clearfix\"><\/div><\/div><\/div><\/div><\/div><\/p>\n","protected":false},"excerpt":{"rendered":"","protected":false},"author":1,"featured_media":0,"parent":1090,"menu_order":0,"comment_status":"closed","ping_status":"closed","template":"100-width.php","meta":{"inline_featured_image":false,"footnotes":""},"class_list":["post-1717","page","type-page","status-publish","hentry"],"yoast_head":"<!-- This site is optimized with the Yoast SEO plugin v27.4 - https:\/\/yoast.com\/product\/yoast-seo-wordpress\/ -->\n<title>Karina Fauteux - Archer - Avocats | Notaires<\/title>\n<meta name=\"robots\" content=\"index, follow, max-snippet:-1, max-image-preview:large, max-video-preview:-1\" \/>\n<link rel=\"canonical\" href=\"https:\/\/archeravocats.com\/en\/who-we-are\/karina-fauteux\/\" \/>\n<meta property=\"og:locale\" content=\"en_US\" \/>\n<meta property=\"og:type\" content=\"article\" \/>\n<meta property=\"og:title\" content=\"Karina Fauteux - Archer - Avocats | Notaires\" \/>\n<meta property=\"og:url\" content=\"https:\/\/archeravocats.com\/en\/who-we-are\/karina-fauteux\/\" \/>\n<meta property=\"og:site_name\" content=\"Archer - Avocats | Notaires\" \/>\n<meta property=\"article:modified_time\" content=\"2022-06-09T21:08:04+00:00\" \/>\n<meta property=\"og:image\" content=\"https:\/\/archeravocats.com\/wp-content\/uploads\/2021\/03\/Archer_opengraph.jpg\" \/>\n\t<meta property=\"og:image:width\" content=\"2400\" \/>\n\t<meta property=\"og:image:height\" content=\"1256\" \/>\n\t<meta property=\"og:image:type\" content=\"image\/jpeg\" \/>\n<meta name=\"twitter:card\" content=\"summary_large_image\" \/>\n<meta name=\"twitter:label1\" content=\"Est. reading time\" \/>\n\t<meta name=\"twitter:data1\" content=\"10 minutes\" \/>\n<script type=\"application\/ld+json\" class=\"yoast-schema-graph\">{\"@context\":\"https:\\\/\\\/schema.org\",\"@graph\":[{\"@type\":\"WebPage\",\"@id\":\"https:\\\/\\\/archeravocats.com\\\/en\\\/who-we-are\\\/karina-fauteux\\\/\",\"url\":\"https:\\\/\\\/archeravocats.com\\\/en\\\/who-we-are\\\/karina-fauteux\\\/\",\"name\":\"Karina Fauteux - Archer - Avocats | Notaires\",\"isPartOf\":{\"@id\":\"https:\\\/\\\/archeravocats.com\\\/en\\\/#website\"},\"datePublished\":\"2022-06-03T18:48:15+00:00\",\"dateModified\":\"2022-06-09T21:08:04+00:00\",\"breadcrumb\":{\"@id\":\"https:\\\/\\\/archeravocats.com\\\/en\\\/who-we-are\\\/karina-fauteux\\\/#breadcrumb\"},\"inLanguage\":\"en-US\",\"potentialAction\":[{\"@type\":\"ReadAction\",\"target\":[\"https:\\\/\\\/archeravocats.com\\\/en\\\/who-we-are\\\/karina-fauteux\\\/\"]}]},{\"@type\":\"BreadcrumbList\",\"@id\":\"https:\\\/\\\/archeravocats.com\\\/en\\\/who-we-are\\\/karina-fauteux\\\/#breadcrumb\",\"itemListElement\":[{\"@type\":\"ListItem\",\"position\":1,\"name\":\"Accueil\",\"item\":\"https:\\\/\\\/archeravocats.com\\\/en\\\/\"},{\"@type\":\"ListItem\",\"position\":2,\"name\":\"Who we are?\",\"item\":\"https:\\\/\\\/archeravocats.com\\\/en\\\/qui-sommes-nous\\\/\"},{\"@type\":\"ListItem\",\"position\":3,\"name\":\"Karina Fauteux\"}]},{\"@type\":\"WebSite\",\"@id\":\"https:\\\/\\\/archeravocats.com\\\/en\\\/#website\",\"url\":\"https:\\\/\\\/archeravocats.com\\\/en\\\/\",\"name\":\"Archer - Avocats | Notaires\",\"description\":\"\",\"potentialAction\":[{\"@type\":\"SearchAction\",\"target\":{\"@type\":\"EntryPoint\",\"urlTemplate\":\"https:\\\/\\\/archeravocats.com\\\/en\\\/?s={search_term_string}\"},\"query-input\":{\"@type\":\"PropertyValueSpecification\",\"valueRequired\":true,\"valueName\":\"search_term_string\"}}],\"inLanguage\":\"en-US\"}]}<\/script>\n<!-- \/ Yoast SEO plugin. -->","yoast_head_json":{"title":"Karina Fauteux - Archer - Avocats | Notaires","robots":{"index":"index","follow":"follow","max-snippet":"max-snippet:-1","max-image-preview":"max-image-preview:large","max-video-preview":"max-video-preview:-1"},"canonical":"https:\/\/archeravocats.com\/en\/who-we-are\/karina-fauteux\/","og_locale":"en_US","og_type":"article","og_title":"Karina Fauteux - Archer - Avocats | Notaires","og_url":"https:\/\/archeravocats.com\/en\/who-we-are\/karina-fauteux\/","og_site_name":"Archer - Avocats | Notaires","article_modified_time":"2022-06-09T21:08:04+00:00","og_image":[{"width":2400,"height":1256,"url":"https:\/\/archeravocats.com\/wp-content\/uploads\/2021\/03\/Archer_opengraph.jpg","type":"image\/jpeg"}],"twitter_card":"summary_large_image","twitter_misc":{"Est. reading time":"10 minutes"},"schema":{"@context":"https:\/\/schema.org","@graph":[{"@type":"WebPage","@id":"https:\/\/archeravocats.com\/en\/who-we-are\/karina-fauteux\/","url":"https:\/\/archeravocats.com\/en\/who-we-are\/karina-fauteux\/","name":"Karina Fauteux - Archer - Avocats | Notaires","isPartOf":{"@id":"https:\/\/archeravocats.com\/en\/#website"},"datePublished":"2022-06-03T18:48:15+00:00","dateModified":"2022-06-09T21:08:04+00:00","breadcrumb":{"@id":"https:\/\/archeravocats.com\/en\/who-we-are\/karina-fauteux\/#breadcrumb"},"inLanguage":"en-US","potentialAction":[{"@type":"ReadAction","target":["https:\/\/archeravocats.com\/en\/who-we-are\/karina-fauteux\/"]}]},{"@type":"BreadcrumbList","@id":"https:\/\/archeravocats.com\/en\/who-we-are\/karina-fauteux\/#breadcrumb","itemListElement":[{"@type":"ListItem","position":1,"name":"Accueil","item":"https:\/\/archeravocats.com\/en\/"},{"@type":"ListItem","position":2,"name":"Who we are?","item":"https:\/\/archeravocats.com\/en\/qui-sommes-nous\/"},{"@type":"ListItem","position":3,"name":"Karina Fauteux"}]},{"@type":"WebSite","@id":"https:\/\/archeravocats.com\/en\/#website","url":"https:\/\/archeravocats.com\/en\/","name":"Archer - Avocats | Notaires","description":"","potentialAction":[{"@type":"SearchAction","target":{"@type":"EntryPoint","urlTemplate":"https:\/\/archeravocats.com\/en\/?s={search_term_string}"},"query-input":{"@type":"PropertyValueSpecification","valueRequired":true,"valueName":"search_term_string"}}],"inLanguage":"en-US"}]}},"_links":{"self":[{"href":"https:\/\/archeravocats.com\/en\/wp-json\/wp\/v2\/pages\/1717","targetHints":{"allow":["GET"]}}],"collection":[{"href":"https:\/\/archeravocats.com\/en\/wp-json\/wp\/v2\/pages"}],"about":[{"href":"https:\/\/archeravocats.com\/en\/wp-json\/wp\/v2\/types\/page"}],"author":[{"embeddable":true,"href":"https:\/\/archeravocats.com\/en\/wp-json\/wp\/v2\/users\/1"}],"replies":[{"embeddable":true,"href":"https:\/\/archeravocats.com\/en\/wp-json\/wp\/v2\/comments?post=1717"}],"version-history":[{"count":0,"href":"https:\/\/archeravocats.com\/en\/wp-json\/wp\/v2\/pages\/1717\/revisions"}],"up":[{"embeddable":true,"href":"https:\/\/archeravocats.com\/en\/wp-json\/wp\/v2\/pages\/1090"}],"wp:attachment":[{"href":"https:\/\/archeravocats.com\/en\/wp-json\/wp\/v2\/media?parent=1717"}],"curies":[{"name":"wp","href":"https:\/\/api.w.org\/{rel}","templated":true}]}}